{"id":18,"date":"2020-03-27T15:53:34","date_gmt":"2020-03-27T14:53:34","guid":{"rendered":"http:\/\/slonecznybrzeggaski.pl\/?page_id=18"},"modified":"2024-05-23T09:39:19","modified_gmt":"2024-05-23T07:39:19","slug":"cennik","status":"publish","type":"page","link":"https:\/\/slonecznybrzeggaski.pl\/index.php\/cennik\/","title":{"rendered":"Cennik"},"content":{"rendered":"\n<p> Rezerwacje pobytu w naszych domkach s\u0105 przyjmowane od soboty do soboty. W wysokim sezonie minimalna ilo\u015b\u0107 nocleg\u00f3w wynosi 7 nocleg\u00f3w. <\/p>\n\n\n\n<figure class=\"wp-block-table aligncenter is-style-stripes\"><table><tbody><tr><td class=\"has-text-align-center\" data-align=\"center\">Oferta<\/td><td class=\"has-text-align-center\" data-align=\"center\">       <strong>Sezon niski Wiosna<\/strong><br>        <strong>30.05-29.06.2024<\/strong> <\/td><td class=\"has-text-align-center\" data-align=\"center\"> <strong>Sezon wysoki Lato<\/strong><br><strong>30.06-31.08.2024<\/strong> <\/td><td class=\"has-text-align-center\" data-align=\"center\"> <strong>Sezon niski Jesie\u0144<\/strong><br><strong>01.09-15.09.2024<\/strong> <\/td><\/tr><tr><td class=\"has-text-align-center\" data-align=\"center\"> Domek 6-os <\/td><td class=\"has-text-align-center\" data-align=\"center\">380 z\u0142<\/td><td class=\"has-text-align-center\" data-align=\"center\">480 z\u0142<\/td><td class=\"has-text-align-center\" data-align=\"center\">380 z\u0142<\/td><\/tr><tr><td class=\"has-text-align-center\" data-align=\"center\"> Domek 4-os <\/td><td class=\"has-text-align-center\" data-align=\"center\">300 z\u0142<\/td><td class=\"has-text-align-center\" data-align=\"center\">390 z\u0142<\/td><td class=\"has-text-align-center\" data-align=\"center\">300 z\u0142 <\/td><\/tr><tr><td class=\"has-text-align-center\" data-align=\"center\">Pok\u00f3j 2-os<\/td><td class=\"has-text-align-center\" data-align=\"center\">200 z\u0142<\/td><td class=\"has-text-align-center\" data-align=\"center\">260 z\u0142<\/td><td class=\"has-text-align-center\" data-align=\"center\">200 z\u0142<\/td><\/tr><tr><td class=\"has-text-align-center\" data-align=\"center\">Pok\u00f3j 3-os<\/td><td class=\"has-text-align-center\" data-align=\"center\">300 z\u0142<\/td><td class=\"has-text-align-center\" data-align=\"center\">370 z\u0142<\/td><td class=\"has-text-align-center\" data-align=\"center\">300 z\u0142<\/td><\/tr><tr><td class=\"has-text-align-center\" data-align=\"center\">Apartament 4-os <\/td><td class=\"has-text-align-center\" data-align=\"center\">400 z\u0142<\/td><td class=\"has-text-align-center\" data-align=\"center\">480 z\u0142<\/td><td class=\"has-text-align-center\" data-align=\"center\">400 z\u0142<\/td><\/tr><\/tbody><\/table><\/figure>\n\n\n\n<p><\/p>\n\n\n\n<p> Przy mniejszej ilo\u015bci os\u00f3b ceny podlegaj\u0105 indywidualnej negocjacji.\u00a0 <\/p>\n\n\n\n<p> <\/p>\n","protected":false},"excerpt":{"rendered":"<p>Rezerwacje pobytu w naszych domkach s\u0105 przyjmowane od soboty do soboty. W wysokim sezonie minimalna ilo\u015b\u0107 nocleg\u00f3w wynosi 7 nocleg\u00f3w. Oferta Sezon niski Wiosna 30.05-29.06.2024 Sezon wysoki Lato30.06-31.08.2024 Sezon niski Jesie\u014401.09-15.09.2024 Domek 6-os 380 z\u0142 480 z\u0142 380 z\u0142 Domek 4-os 300 z\u0142 390 z\u0142 300 z\u0142 Pok\u00f3j 2-os 200 z\u0142 260 z\u0142 200 z\u0142 [&hellip;]<\/p>\n","protected":false},"author":1,"featured_media":0,"parent":0,"menu_order":0,"comment_status":"closed","ping_status":"closed","template":"","meta":{"footnotes":""},"class_list":["post-18","page","type-page","status-publish","hentry"],"_links":{"self":[{"href":"https:\/\/slonecznybrzeggaski.pl\/index.php\/wp-json\/wp\/v2\/pages\/18","targetHints":{"allow":["GET"]}}],"collection":[{"href":"https:\/\/slonecznybrzeggaski.pl\/index.php\/wp-json\/wp\/v2\/pages"}],"about":[{"href":"https:\/\/slonecznybrzeggaski.pl\/index.php\/wp-json\/wp\/v2\/types\/page"}],"author":[{"embeddable":true,"href":"https:\/\/slonecznybrzeggaski.pl\/index.php\/wp-json\/wp\/v2\/users\/1"}],"replies":[{"embeddable":true,"href":"https:\/\/slonecznybrzeggaski.pl\/index.php\/wp-json\/wp\/v2\/comments?post=18"}],"version-history":[{"count":9,"href":"https:\/\/slonecznybrzeggaski.pl\/index.php\/wp-json\/wp\/v2\/pages\/18\/revisions"}],"predecessor-version":[{"id":241,"href":"https:\/\/slonecznybrzeggaski.pl\/index.php\/wp-json\/wp\/v2\/pages\/18\/revisions\/241"}],"wp:attachment":[{"href":"https:\/\/slonecznybrzeggaski.pl\/index.php\/wp-json\/wp\/v2\/media?parent=18"}],"curies":[{"name":"wp","href":"https:\/\/api.w.org\/{rel}","templated":true}]}}