{"id":263,"date":"2024-05-23T10:37:39","date_gmt":"2024-05-23T08:37:39","guid":{"rendered":"https:\/\/slonecznybrzeggaski.pl\/?page_id=263"},"modified":"2024-05-23T13:54:04","modified_gmt":"2024-05-23T11:54:04","slug":"pokoje","status":"publish","type":"page","link":"https:\/\/slonecznybrzeggaski.pl\/index.php\/pokoje\/","title":{"rendered":"Pokoje"},"content":{"rendered":"\n<h2 class=\"wp-block-heading\">Pokoje 2-osobowe<\/h2>\n\n\n\n<p><\/p>\n\n\n\n<p>Pokoje 2-osobowe z prywatnymi \u0142azienkami, lod\u00f3wk\u0105, telewizorem, z dost\u0119pem do wsp\u00f3lnego aneksu kuchennego wyposa\u017conego w : <\/p>\n\n\n\n<p>&#8211; zmywark\u0119,  <\/p>\n\n\n\n<p>&#8211; kuchenk\u0119 indukcyjn\u0105 i mikrofalow\u0105  <\/p>\n\n\n\n<p>&#8211; frytkownic\u0119 AIR FRYER,    <\/p>\n\n\n\n<p>&#8211; automatyczny ekspres do kawy, <\/p>\n\n\n\n<p>W pokoju dwuosobowym znajduj\u0105 si\u0119 dwa \u0142\u00f3\u017cka pojedyncze 80&#215;200,  dost\u0119pne s\u0105 r\u0119czniki oraz sprz\u0119t pla\u017cowy. <\/p>\n\n\n\n<p>Dla naszych go\u015bci oferujemy rowery, grile oraz bezp\u0142atny parking. <\/p>\n\n\n\n<p>Wszystkie pokoje wyposa\u017cone s\u0105 w balkony lub tarasy.  <\/p>\n\n\n\n<p><\/p>\n\n\n\n<div class=\"wp-block-columns is-layout-flex wp-container-core-columns-is-layout-9d6595d7 wp-block-columns-is-layout-flex\">\n<div class=\"wp-block-column is-layout-flow wp-block-column-is-layout-flow\" style=\"flex-basis:100%\">\n<div class=\"wp-block-group\"><div class=\"wp-block-group__inner-container is-layout-flow wp-block-group-is-layout-flow\">\n<figure class=\"wp-block-gallery columns-3 is-cropped wp-block-gallery-1 is-layout-flex wp-block-gallery-is-layout-flex\"><ul class=\"blocks-gallery-grid\"><li class=\"blocks-gallery-item\"><figure><img loading=\"lazy\" decoding=\"async\" width=\"1024\" height=\"768\" src=\"https:\/\/slonecznybrzeggaski.pl\/wp-content\/uploads\/2024\/05\/zdjecie-aneks-plus-ekspres-1024x768.jpg\" alt=\"\" data-id=\"252\" data-full-url=\"https:\/\/slonecznybrzeggaski.pl\/wp-content\/uploads\/2024\/05\/zdjecie-aneks-plus-ekspres-scaled.jpg\" data-link=\"https:\/\/slonecznybrzeggaski.pl\/zdjecie-aneks-plus-ekspres\/\" class=\"wp-image-252\" srcset=\"https:\/\/slonecznybrzeggaski.pl\/wp-content\/uploads\/2024\/05\/zdjecie-aneks-plus-ekspres-1024x768.jpg 1024w, https:\/\/slonecznybrzeggaski.pl\/wp-content\/uploads\/2024\/05\/zdjecie-aneks-plus-ekspres-300x225.jpg 300w, https:\/\/slonecznybrzeggaski.pl\/wp-content\/uploads\/2024\/05\/zdjecie-aneks-plus-ekspres-768x576.jpg 768w, https:\/\/slonecznybrzeggaski.pl\/wp-content\/uploads\/2024\/05\/zdjecie-aneks-plus-ekspres-1536x1152.jpg 1536w, https:\/\/slonecznybrzeggaski.pl\/wp-content\/uploads\/2024\/05\/zdjecie-aneks-plus-ekspres-2048x1536.jpg 2048w\" sizes=\"auto, (max-width: 1024px) 100vw, 1024px\" \/><\/figure><\/li><li class=\"blocks-gallery-item\"><figure><img loading=\"lazy\" decoding=\"async\" width=\"768\" height=\"1024\" src=\"https:\/\/slonecznybrzeggaski.pl\/wp-content\/uploads\/2024\/05\/1690789813744-768x1024.jpg\" alt=\"\" data-id=\"247\" data-full-url=\"https:\/\/slonecznybrzeggaski.pl\/wp-content\/uploads\/2024\/05\/1690789813744-scaled.jpg\" data-link=\"https:\/\/slonecznybrzeggaski.pl\/1690789813744\/\" class=\"wp-image-247\" srcset=\"https:\/\/slonecznybrzeggaski.pl\/wp-content\/uploads\/2024\/05\/1690789813744-768x1024.jpg 768w, https:\/\/slonecznybrzeggaski.pl\/wp-content\/uploads\/2024\/05\/1690789813744-225x300.jpg 225w, https:\/\/slonecznybrzeggaski.pl\/wp-content\/uploads\/2024\/05\/1690789813744-1152x1536.jpg 1152w, https:\/\/slonecznybrzeggaski.pl\/wp-content\/uploads\/2024\/05\/1690789813744-1536x2048.jpg 1536w, https:\/\/slonecznybrzeggaski.pl\/wp-content\/uploads\/2024\/05\/1690789813744-scaled.jpg 1920w\" sizes=\"auto, (max-width: 768px) 100vw, 768px\" \/><\/figure><\/li><li class=\"blocks-gallery-item\"><figure><img loading=\"lazy\" decoding=\"async\" width=\"1024\" height=\"768\" src=\"https:\/\/slonecznybrzeggaski.pl\/wp-content\/uploads\/2024\/05\/IMG_7081-1024x768.jpeg\" alt=\"\" data-id=\"242\" data-full-url=\"https:\/\/slonecznybrzeggaski.pl\/wp-content\/uploads\/2024\/05\/IMG_7081-scaled.jpeg\" data-link=\"https:\/\/slonecznybrzeggaski.pl\/img_7081\/\" class=\"wp-image-242\" srcset=\"https:\/\/slonecznybrzeggaski.pl\/wp-content\/uploads\/2024\/05\/IMG_7081-1024x768.jpeg 1024w, https:\/\/slonecznybrzeggaski.pl\/wp-content\/uploads\/2024\/05\/IMG_7081-300x225.jpeg 300w, https:\/\/slonecznybrzeggaski.pl\/wp-content\/uploads\/2024\/05\/IMG_7081-768x576.jpeg 768w, https:\/\/slonecznybrzeggaski.pl\/wp-content\/uploads\/2024\/05\/IMG_7081-1536x1152.jpeg 1536w, https:\/\/slonecznybrzeggaski.pl\/wp-content\/uploads\/2024\/05\/IMG_7081-2048x1536.jpeg 2048w\" sizes=\"auto, (max-width: 1024px) 100vw, 1024px\" \/><\/figure><\/li><\/ul><\/figure>\n<\/div><\/div>\n<\/div>\n<\/div>\n\n\n\n<h2 class=\"wp-block-heading\">Pokoje 3-osobowe<\/h2>\n\n\n\n<p><\/p>\n\n\n\n<p>S\u0105 to du\u017ce i przestronne pokoje wyposa\u017cone w prywatne \u0142azienki, telewizory, lod\u00f3wki, z dost\u0119pem do wsp\u00f3lnego aneksu kuchennego. W pokoju znajduje si\u0119 jedno l\u00f3\u017cko 90 x 200, oraz  drugie 160 x 200 (2 x 80). Na wyposa\u017ceniu znajduj\u0105 si\u0119 r\u00f3wnie\u017c r\u0119czniki i sprz\u0119t pla\u017cowy. Dysponujemy rowerami, grilem oraz bezp\u0142atnym parkingiem. Wszystkie nasze pokoje s\u0105 wyposa\u017cone w prywatne balkony lub tarasy. <\/p>\n\n\n\n<p><\/p>\n\n\n\n<figure class=\"wp-block-gallery columns-3 is-cropped wp-block-gallery-2 is-layout-flex wp-block-gallery-is-layout-flex\"><ul class=\"blocks-gallery-grid\"><li class=\"blocks-gallery-item\"><figure><img loading=\"lazy\" decoding=\"async\" width=\"768\" height=\"1024\" src=\"https:\/\/slonecznybrzeggaski.pl\/wp-content\/uploads\/2024\/05\/IMG_6980-768x1024.jpeg\" alt=\"\" data-id=\"262\" data-full-url=\"https:\/\/slonecznybrzeggaski.pl\/wp-content\/uploads\/2024\/05\/IMG_6980-scaled.jpeg\" data-link=\"https:\/\/slonecznybrzeggaski.pl\/img_6980\/\" class=\"wp-image-262\" srcset=\"https:\/\/slonecznybrzeggaski.pl\/wp-content\/uploads\/2024\/05\/IMG_6980-768x1024.jpeg 768w, https:\/\/slonecznybrzeggaski.pl\/wp-content\/uploads\/2024\/05\/IMG_6980-225x300.jpeg 225w, https:\/\/slonecznybrzeggaski.pl\/wp-content\/uploads\/2024\/05\/IMG_6980-1152x1536.jpeg 1152w, https:\/\/slonecznybrzeggaski.pl\/wp-content\/uploads\/2024\/05\/IMG_6980-1536x2048.jpeg 1536w, https:\/\/slonecznybrzeggaski.pl\/wp-content\/uploads\/2024\/05\/IMG_6980-scaled.jpeg 1920w\" sizes=\"auto, (max-width: 768px) 100vw, 768px\" \/><\/figure><\/li><li class=\"blocks-gallery-item\"><figure><img loading=\"lazy\" decoding=\"async\" width=\"1024\" height=\"768\" src=\"https:\/\/slonecznybrzeggaski.pl\/wp-content\/uploads\/2024\/05\/IMG_6976-1024x768.jpeg\" alt=\"\" data-id=\"261\" data-full-url=\"https:\/\/slonecznybrzeggaski.pl\/wp-content\/uploads\/2024\/05\/IMG_6976-scaled.jpeg\" data-link=\"https:\/\/slonecznybrzeggaski.pl\/img_6976\/\" class=\"wp-image-261\" srcset=\"https:\/\/slonecznybrzeggaski.pl\/wp-content\/uploads\/2024\/05\/IMG_6976-1024x768.jpeg 1024w, https:\/\/slonecznybrzeggaski.pl\/wp-content\/uploads\/2024\/05\/IMG_6976-300x225.jpeg 300w, https:\/\/slonecznybrzeggaski.pl\/wp-content\/uploads\/2024\/05\/IMG_6976-768x576.jpeg 768w, https:\/\/slonecznybrzeggaski.pl\/wp-content\/uploads\/2024\/05\/IMG_6976-1536x1152.jpeg 1536w, https:\/\/slonecznybrzeggaski.pl\/wp-content\/uploads\/2024\/05\/IMG_6976-2048x1536.jpeg 2048w\" sizes=\"auto, (max-width: 1024px) 100vw, 1024px\" \/><\/figure><\/li><li class=\"blocks-gallery-item\"><figure><img loading=\"lazy\" decoding=\"async\" width=\"768\" height=\"1024\" src=\"https:\/\/slonecznybrzeggaski.pl\/wp-content\/uploads\/2024\/05\/IMG_6966-768x1024.jpeg\" alt=\"\" data-id=\"259\" data-full-url=\"https:\/\/slonecznybrzeggaski.pl\/wp-content\/uploads\/2024\/05\/IMG_6966-scaled.jpeg\" data-link=\"https:\/\/slonecznybrzeggaski.pl\/img_6966\/\" class=\"wp-image-259\" srcset=\"https:\/\/slonecznybrzeggaski.pl\/wp-content\/uploads\/2024\/05\/IMG_6966-768x1024.jpeg 768w, https:\/\/slonecznybrzeggaski.pl\/wp-content\/uploads\/2024\/05\/IMG_6966-225x300.jpeg 225w, https:\/\/slonecznybrzeggaski.pl\/wp-content\/uploads\/2024\/05\/IMG_6966-1152x1536.jpeg 1152w, https:\/\/slonecznybrzeggaski.pl\/wp-content\/uploads\/2024\/05\/IMG_6966-1536x2048.jpeg 1536w, https:\/\/slonecznybrzeggaski.pl\/wp-content\/uploads\/2024\/05\/IMG_6966-scaled.jpeg 1920w\" sizes=\"auto, (max-width: 768px) 100vw, 768px\" \/><\/figure><\/li><li class=\"blocks-gallery-item\"><figure><img loading=\"lazy\" decoding=\"async\" width=\"1024\" height=\"768\" src=\"https:\/\/slonecznybrzeggaski.pl\/wp-content\/uploads\/2024\/05\/IMG_6987-1024x768.jpeg\" alt=\"\" data-id=\"256\" data-full-url=\"https:\/\/slonecznybrzeggaski.pl\/wp-content\/uploads\/2024\/05\/IMG_6987-scaled.jpeg\" data-link=\"https:\/\/slonecznybrzeggaski.pl\/img_6987\/\" class=\"wp-image-256\" srcset=\"https:\/\/slonecznybrzeggaski.pl\/wp-content\/uploads\/2024\/05\/IMG_6987-1024x768.jpeg 1024w, https:\/\/slonecznybrzeggaski.pl\/wp-content\/uploads\/2024\/05\/IMG_6987-300x225.jpeg 300w, https:\/\/slonecznybrzeggaski.pl\/wp-content\/uploads\/2024\/05\/IMG_6987-768x576.jpeg 768w, https:\/\/slonecznybrzeggaski.pl\/wp-content\/uploads\/2024\/05\/IMG_6987-1536x1152.jpeg 1536w, https:\/\/slonecznybrzeggaski.pl\/wp-content\/uploads\/2024\/05\/IMG_6987-2048x1536.jpeg 2048w\" sizes=\"auto, (max-width: 1024px) 100vw, 1024px\" \/><\/figure><\/li><li class=\"blocks-gallery-item\"><figure><img loading=\"lazy\" decoding=\"async\" width=\"1024\" height=\"768\" src=\"https:\/\/slonecznybrzeggaski.pl\/wp-content\/uploads\/2024\/05\/IMG_6990-1024x768.jpeg\" alt=\"\" data-id=\"258\" data-full-url=\"https:\/\/slonecznybrzeggaski.pl\/wp-content\/uploads\/2024\/05\/IMG_6990-scaled.jpeg\" data-link=\"https:\/\/slonecznybrzeggaski.pl\/img_6990\/\" class=\"wp-image-258\" srcset=\"https:\/\/slonecznybrzeggaski.pl\/wp-content\/uploads\/2024\/05\/IMG_6990-1024x768.jpeg 1024w, https:\/\/slonecznybrzeggaski.pl\/wp-content\/uploads\/2024\/05\/IMG_6990-300x225.jpeg 300w, https:\/\/slonecznybrzeggaski.pl\/wp-content\/uploads\/2024\/05\/IMG_6990-768x576.jpeg 768w, https:\/\/slonecznybrzeggaski.pl\/wp-content\/uploads\/2024\/05\/IMG_6990-1536x1152.jpeg 1536w, https:\/\/slonecznybrzeggaski.pl\/wp-content\/uploads\/2024\/05\/IMG_6990-2048x1536.jpeg 2048w\" sizes=\"auto, (max-width: 1024px) 100vw, 1024px\" \/><\/figure><\/li><\/ul><\/figure>\n","protected":false},"excerpt":{"rendered":"<p>Pokoje 2-osobowe Pokoje 2-osobowe z prywatnymi \u0142azienkami, lod\u00f3wk\u0105, telewizorem, z dost\u0119pem do wsp\u00f3lnego aneksu kuchennego wyposa\u017conego w : &#8211; zmywark\u0119, &#8211; kuchenk\u0119 indukcyjn\u0105 i mikrofalow\u0105 &#8211; frytkownic\u0119 AIR FRYER, &#8211; automatyczny ekspres do kawy, W pokoju dwuosobowym znajduj\u0105 si\u0119 dwa \u0142\u00f3\u017cka pojedyncze 80&#215;200, dost\u0119pne s\u0105 r\u0119czniki oraz sprz\u0119t pla\u017cowy. Dla naszych go\u015bci oferujemy rowery, grile [&hellip;]<\/p>\n","protected":false},"author":1,"featured_media":0,"parent":0,"menu_order":0,"comment_status":"closed","ping_status":"closed","template":"","meta":{"footnotes":""},"class_list":["post-263","page","type-page","status-publish","hentry"],"_links":{"self":[{"href":"https:\/\/slonecznybrzeggaski.pl\/index.php\/wp-json\/wp\/v2\/pages\/263","targetHints":{"allow":["GET"]}}],"collection":[{"href":"https:\/\/slonecznybrzeggaski.pl\/index.php\/wp-json\/wp\/v2\/pages"}],"about":[{"href":"https:\/\/slonecznybrzeggaski.pl\/index.php\/wp-json\/wp\/v2\/types\/page"}],"author":[{"embeddable":true,"href":"https:\/\/slonecznybrzeggaski.pl\/index.php\/wp-json\/wp\/v2\/users\/1"}],"replies":[{"embeddable":true,"href":"https:\/\/slonecznybrzeggaski.pl\/index.php\/wp-json\/wp\/v2\/comments?post=263"}],"version-history":[{"count":16,"href":"https:\/\/slonecznybrzeggaski.pl\/index.php\/wp-json\/wp\/v2\/pages\/263\/revisions"}],"predecessor-version":[{"id":307,"href":"https:\/\/slonecznybrzeggaski.pl\/index.php\/wp-json\/wp\/v2\/pages\/263\/revisions\/307"}],"wp:attachment":[{"href":"https:\/\/slonecznybrzeggaski.pl\/index.php\/wp-json\/wp\/v2\/media?parent=263"}],"curies":[{"name":"wp","href":"https:\/\/api.w.org\/{rel}","templated":true}]}}