{"id":272,"date":"2024-05-23T10:49:41","date_gmt":"2024-05-23T08:49:41","guid":{"rendered":"https:\/\/slonecznybrzeggaski.pl\/?page_id=272"},"modified":"2024-07-30T10:46:31","modified_gmt":"2024-07-30T08:46:31","slug":"apartamenty","status":"publish","type":"page","link":"https:\/\/slonecznybrzeggaski.pl\/index.php\/apartamenty\/","title":{"rendered":"Apartamenty"},"content":{"rendered":"\n<h2 class=\"wp-block-heading\">Apartament  4-osobowy eukaliptusowy<\/h2>\n\n\n\n<p>Apartament nr.3 ,  37 m kw. z osobn\u0105 sypialni\u0105 z \u0142\u00f3\u017ckiem o wymiarach 155 x 200 , prywatn\u0105 \u0142azienk\u0105, z przedpokojem z szaf\u0105 w zabudowie oraz pokojem dziennym z aneksem kuchennym, wyposa\u017conym w rozk\u0142adany zestaw wypoczynkowy naro\u017cny 140 x 240.  Aneks kuchenny wyposa\u017cony w du\u017c\u0105 lod\u00f3wk\u0119 z zamra\u017cark\u0105, zmywark\u0119, kuchenk\u0119 mikrofalow\u0105, p\u0142yt\u0119 indukcyjn\u0105 i frytkownic\u0119. W apartamencie znajduje si\u0119 r\u00f3wnie\u017c telewizor. Na wyposa\u017ceniu znajduj\u0105 si\u0119 r\u0119czniki i sprz\u0119t pla\u017cowy. Ten apartament posiada dwa balkony, jeden od po\u0142udnia a drugi od zachodniej strony.<\/p>\n\n\n\n<figure class=\"wp-block-image size-large is-resized is-style-rounded\"><img loading=\"lazy\" decoding=\"async\" width=\"1024\" height=\"771\" src=\"https:\/\/slonecznybrzeggaski.pl\/wp-content\/uploads\/2024\/07\/apartament-aneks-1-1024x771.jpg\" alt=\"\" class=\"wp-image-310\" style=\"width:466px;height:auto\" srcset=\"https:\/\/slonecznybrzeggaski.pl\/wp-content\/uploads\/2024\/07\/apartament-aneks-1-1024x771.jpg 1024w, https:\/\/slonecznybrzeggaski.pl\/wp-content\/uploads\/2024\/07\/apartament-aneks-1-300x226.jpg 300w, https:\/\/slonecznybrzeggaski.pl\/wp-content\/uploads\/2024\/07\/apartament-aneks-1-768x578.jpg 768w, https:\/\/slonecznybrzeggaski.pl\/wp-content\/uploads\/2024\/07\/apartament-aneks-1-1536x1157.jpg 1536w, https:\/\/slonecznybrzeggaski.pl\/wp-content\/uploads\/2024\/07\/apartament-aneks-1-2048x1542.jpg 2048w\" sizes=\"auto, (max-width: 1024px) 100vw, 1024px\" \/><figcaption class=\"wp-element-caption\">oplus_1056<\/figcaption><\/figure>\n\n\n\n<h2 class=\"wp-block-heading\">Apartament  4-osobowy grey<\/h2>\n\n\n\n<p><\/p>\n\n\n\n<p>Apartament nr.2 ,  32 m kw. z osobn\u0105 sypialni\u0105  z dwoma \u0142\u00f3\u017ckami o wymiarach 90 x 200, prywatn\u0105 \u0142azienk\u0105, oraz pokojem dziennym z aneksem kuchennym, wyposa\u017conym w rozk\u0142adany zestaw wypoczynkowy naro\u017cny 140 x 240. Aneks kuchenny wyposa\u017cony jest w lod\u00f3wk\u0119 z zamra\u017cark\u0105, zmywark\u0119, kuchenk\u0119 mikrofalow\u0105 i p\u0142yt\u0119 indukcyjn\u0105. Pok\u00f3j dzienny wyposa\u017cony jest w telewizor, dost\u0119pne s\u0105 r\u00f3wnie\u017c r\u0119czniki oraz sprz\u0119t pla\u017cowy.  Ten apartament posiada balkon od strony po\u0142udniowej.<\/p>\n\n\n\n<figure class=\"wp-block-image size-large is-resized is-style-rounded\"><img loading=\"lazy\" decoding=\"async\" width=\"1024\" height=\"576\" src=\"https:\/\/slonecznybrzeggaski.pl\/wp-content\/uploads\/2024\/07\/Apartament-szary--1024x576.jpg\" alt=\"\" class=\"wp-image-327\" style=\"width:482px;height:auto\" srcset=\"https:\/\/slonecznybrzeggaski.pl\/wp-content\/uploads\/2024\/07\/Apartament-szary--1024x576.jpg 1024w, https:\/\/slonecznybrzeggaski.pl\/wp-content\/uploads\/2024\/07\/Apartament-szary--300x169.jpg 300w, https:\/\/slonecznybrzeggaski.pl\/wp-content\/uploads\/2024\/07\/Apartament-szary--768x432.jpg 768w, https:\/\/slonecznybrzeggaski.pl\/wp-content\/uploads\/2024\/07\/Apartament-szary--1536x864.jpg 1536w, https:\/\/slonecznybrzeggaski.pl\/wp-content\/uploads\/2024\/07\/Apartament-szary-.jpg 1600w\" sizes=\"auto, (max-width: 1024px) 100vw, 1024px\" \/><\/figure>\n","protected":false},"excerpt":{"rendered":"<p>Apartament 4-osobowy eukaliptusowy Apartament nr.3 , 37 m kw. z osobn\u0105 sypialni\u0105 z \u0142\u00f3\u017ckiem o wymiarach 155 x 200 , prywatn\u0105 \u0142azienk\u0105, z przedpokojem z szaf\u0105 w zabudowie oraz pokojem dziennym z aneksem kuchennym, wyposa\u017conym w rozk\u0142adany zestaw wypoczynkowy naro\u017cny 140 x 240. Aneks kuchenny wyposa\u017cony w du\u017c\u0105 lod\u00f3wk\u0119 z zamra\u017cark\u0105, zmywark\u0119, kuchenk\u0119 mikrofalow\u0105, p\u0142yt\u0119 [&hellip;]<\/p>\n","protected":false},"author":1,"featured_media":313,"parent":0,"menu_order":0,"comment_status":"closed","ping_status":"closed","template":"","meta":{"footnotes":""},"class_list":["post-272","page","type-page","status-publish","has-post-thumbnail","hentry"],"_links":{"self":[{"href":"https:\/\/slonecznybrzeggaski.pl\/index.php\/wp-json\/wp\/v2\/pages\/272","targetHints":{"allow":["GET"]}}],"collection":[{"href":"https:\/\/slonecznybrzeggaski.pl\/index.php\/wp-json\/wp\/v2\/pages"}],"about":[{"href":"https:\/\/slonecznybrzeggaski.pl\/index.php\/wp-json\/wp\/v2\/types\/page"}],"author":[{"embeddable":true,"href":"https:\/\/slonecznybrzeggaski.pl\/index.php\/wp-json\/wp\/v2\/users\/1"}],"replies":[{"embeddable":true,"href":"https:\/\/slonecznybrzeggaski.pl\/index.php\/wp-json\/wp\/v2\/comments?post=272"}],"version-history":[{"count":8,"href":"https:\/\/slonecznybrzeggaski.pl\/index.php\/wp-json\/wp\/v2\/pages\/272\/revisions"}],"predecessor-version":[{"id":331,"href":"https:\/\/slonecznybrzeggaski.pl\/index.php\/wp-json\/wp\/v2\/pages\/272\/revisions\/331"}],"wp:featuredmedia":[{"embeddable":true,"href":"https:\/\/slonecznybrzeggaski.pl\/index.php\/wp-json\/wp\/v2\/media\/313"}],"wp:attachment":[{"href":"https:\/\/slonecznybrzeggaski.pl\/index.php\/wp-json\/wp\/v2\/media?parent=272"}],"curies":[{"name":"wp","href":"https:\/\/api.w.org\/{rel}","templated":true}]}}