{"id":29,"date":"2020-03-27T16:07:56","date_gmt":"2020-03-27T15:07:56","guid":{"rendered":"http:\/\/slonecznybrzeggaski.pl\/?page_id=29"},"modified":"2020-03-31T16:52:31","modified_gmt":"2020-03-31T14:52:31","slug":"kontakt","status":"publish","type":"page","link":"https:\/\/slonecznybrzeggaski.pl\/index.php\/kontakt\/","title":{"rendered":"Kontakt"},"content":{"rendered":"\n<p><\/p>\n\n\n\n<div class=\"wp-block-media-text alignwide\"><figure class=\"wp-block-media-text__media\"><img loading=\"lazy\" decoding=\"async\" width=\"1024\" height=\"767\" src=\"https:\/\/slonecznybrzeggaski.pl\/wp-content\/uploads\/2020\/03\/IMG_20190429_193311-1024x767.jpg\" alt=\"\" class=\"wp-image-27\" srcset=\"https:\/\/slonecznybrzeggaski.pl\/wp-content\/uploads\/2020\/03\/IMG_20190429_193311-1024x767.jpg 1024w, https:\/\/slonecznybrzeggaski.pl\/wp-content\/uploads\/2020\/03\/IMG_20190429_193311-300x225.jpg 300w, https:\/\/slonecznybrzeggaski.pl\/wp-content\/uploads\/2020\/03\/IMG_20190429_193311-768x575.jpg 768w, https:\/\/slonecznybrzeggaski.pl\/wp-content\/uploads\/2020\/03\/IMG_20190429_193311-1536x1150.jpg 1536w, https:\/\/slonecznybrzeggaski.pl\/wp-content\/uploads\/2020\/03\/IMG_20190429_193311-2048x1534.jpg 2048w\" sizes=\"auto, (max-width: 1024px) 100vw, 1024px\" \/><\/figure><div class=\"wp-block-media-text__content\">\n<p> Je\u017celi szukasz wymarzonego domku nam morzem zarezerwuj go dla siebie i swoich bliskich ju\u017c dzi\u015b!\u00a0  <\/p>\n\n\n\n<p>ul. Morska Bryza 7<br>76-034 G\u0105ski<br><br> tel. (48) 501 207 543<br>email: slonecznybrzeg.gaski@gmail.com  \n\n<\/p>\n<\/div><\/div>\n","protected":false},"excerpt":{"rendered":"<p>Je\u017celi szukasz wymarzonego domku nam morzem zarezerwuj go dla siebie i swoich bliskich ju\u017c dzi\u015b!\u00a0 ul. Morska Bryza 776-034 G\u0105ski tel. (48) 501 207 543email: slonecznybrzeg.gaski@gmail.com<\/p>\n","protected":false},"author":1,"featured_media":0,"parent":0,"menu_order":0,"comment_status":"closed","ping_status":"closed","template":"","meta":{"footnotes":""},"class_list":["post-29","page","type-page","status-publish","hentry"],"_links":{"self":[{"href":"https:\/\/slonecznybrzeggaski.pl\/index.php\/wp-json\/wp\/v2\/pages\/29","targetHints":{"allow":["GET"]}}],"collection":[{"href":"https:\/\/slonecznybrzeggaski.pl\/index.php\/wp-json\/wp\/v2\/pages"}],"about":[{"href":"https:\/\/slonecznybrzeggaski.pl\/index.php\/wp-json\/wp\/v2\/types\/page"}],"author":[{"embeddable":true,"href":"https:\/\/slonecznybrzeggaski.pl\/index.php\/wp-json\/wp\/v2\/users\/1"}],"replies":[{"embeddable":true,"href":"https:\/\/slonecznybrzeggaski.pl\/index.php\/wp-json\/wp\/v2\/comments?post=29"}],"version-history":[{"count":11,"href":"https:\/\/slonecznybrzeggaski.pl\/index.php\/wp-json\/wp\/v2\/pages\/29\/revisions"}],"predecessor-version":[{"id":176,"href":"https:\/\/slonecznybrzeggaski.pl\/index.php\/wp-json\/wp\/v2\/pages\/29\/revisions\/176"}],"wp:attachment":[{"href":"https:\/\/slonecznybrzeggaski.pl\/index.php\/wp-json\/wp\/v2\/media?parent=29"}],"curies":[{"name":"wp","href":"https:\/\/api.w.org\/{rel}","templated":true}]}}