{"id":45,"date":"2020-03-27T16:31:03","date_gmt":"2020-03-27T15:31:03","guid":{"rendered":"http:\/\/slonecznybrzeggaski.pl\/?page_id=45"},"modified":"2025-05-07T15:04:14","modified_gmt":"2025-05-07T13:04:14","slug":"domki","status":"publish","type":"page","link":"https:\/\/slonecznybrzeggaski.pl\/index.php\/domki\/","title":{"rendered":"Domki"},"content":{"rendered":"\n<h2 class=\"wp-block-heading\">Nasze domki<\/h2>\n\n\n\n<p> Do Pa\u0144stwa dyspozycji s\u0105 dwa drewniane domki &#8211; jeden przeznaczony dla max. 6 os\u00f3b doros\u0142ych oraz drugi &#8211; dla max. 4 os\u00f3b doros\u0142ych. Domki znajduj\u0105 si\u0119 na jednej posesji obok siebie. Ka\u017cdy z nich ma w\u0142asny taras wyposa\u017cony w meble ogrodowe.&nbsp;&nbsp; <\/p>\n\n\n\n<figure class=\"wp-block-gallery has-nested-images columns-default is-cropped wp-block-gallery-1 is-layout-flex wp-block-gallery-is-layout-flex\">\n<figure class=\"wp-block-image size-large\"><img loading=\"lazy\" decoding=\"async\" width=\"1024\" height=\"771\" data-id=\"346\" src=\"https:\/\/slonecznybrzeggaski.pl\/wp-content\/uploads\/2025\/05\/IMG20250502123623-1024x771.jpg\" alt=\"\" class=\"wp-image-346\" srcset=\"https:\/\/slonecznybrzeggaski.pl\/wp-content\/uploads\/2025\/05\/IMG20250502123623-1024x771.jpg 1024w, https:\/\/slonecznybrzeggaski.pl\/wp-content\/uploads\/2025\/05\/IMG20250502123623-300x226.jpg 300w, https:\/\/slonecznybrzeggaski.pl\/wp-content\/uploads\/2025\/05\/IMG20250502123623-768x578.jpg 768w, https:\/\/slonecznybrzeggaski.pl\/wp-content\/uploads\/2025\/05\/IMG20250502123623-1536x1157.jpg 1536w, https:\/\/slonecznybrzeggaski.pl\/wp-content\/uploads\/2025\/05\/IMG20250502123623-2048x1542.jpg 2048w\" sizes=\"auto, (max-width: 1024px) 100vw, 1024px\" \/><figcaption class=\"wp-element-caption\">oplus_34<\/figcaption><\/figure>\n\n\n\n<figure class=\"wp-block-image size-large\"><img loading=\"lazy\" decoding=\"async\" width=\"769\" height=\"1024\" data-id=\"335\" src=\"https:\/\/slonecznybrzeggaski.pl\/wp-content\/uploads\/2025\/05\/PXL_20250506_125145094-769x1024.jpg\" alt=\"DOMEK 5 osobowy\" class=\"wp-image-335\" srcset=\"https:\/\/slonecznybrzeggaski.pl\/wp-content\/uploads\/2025\/05\/PXL_20250506_125145094-769x1024.jpg 769w, https:\/\/slonecznybrzeggaski.pl\/wp-content\/uploads\/2025\/05\/PXL_20250506_125145094-225x300.jpg 225w, https:\/\/slonecznybrzeggaski.pl\/wp-content\/uploads\/2025\/05\/PXL_20250506_125145094-768x1023.jpg 768w, https:\/\/slonecznybrzeggaski.pl\/wp-content\/uploads\/2025\/05\/PXL_20250506_125145094-1153x1536.jpg 1153w, https:\/\/slonecznybrzeggaski.pl\/wp-content\/uploads\/2025\/05\/PXL_20250506_125145094-1538x2048.jpg 1538w, https:\/\/slonecznybrzeggaski.pl\/wp-content\/uploads\/2025\/05\/PXL_20250506_125145094-scaled.jpg 1922w\" sizes=\"auto, (max-width: 769px) 100vw, 769px\" \/><\/figure>\n\n\n\n<figure class=\"wp-block-image size-large\"><img loading=\"lazy\" decoding=\"async\" width=\"1024\" height=\"771\" data-id=\"348\" src=\"https:\/\/slonecznybrzeggaski.pl\/wp-content\/uploads\/2025\/05\/IMG20250430175203-1024x771.jpg\" alt=\"\" class=\"wp-image-348\" srcset=\"https:\/\/slonecznybrzeggaski.pl\/wp-content\/uploads\/2025\/05\/IMG20250430175203-1024x771.jpg 1024w, https:\/\/slonecznybrzeggaski.pl\/wp-content\/uploads\/2025\/05\/IMG20250430175203-300x226.jpg 300w, https:\/\/slonecznybrzeggaski.pl\/wp-content\/uploads\/2025\/05\/IMG20250430175203-768x578.jpg 768w, https:\/\/slonecznybrzeggaski.pl\/wp-content\/uploads\/2025\/05\/IMG20250430175203-1536x1157.jpg 1536w, https:\/\/slonecznybrzeggaski.pl\/wp-content\/uploads\/2025\/05\/IMG20250430175203-2048x1542.jpg 2048w\" sizes=\"auto, (max-width: 1024px) 100vw, 1024px\" \/><figcaption class=\"wp-element-caption\">oplus_34<\/figcaption><\/figure>\n<\/figure>\n\n\n\n<div style=\"height:20px\" aria-hidden=\"true\" class=\"wp-block-spacer\"><\/div>\n\n\n\n<h2 class=\"wp-block-heading\">Wyposa\u017cenie<\/h2>\n\n\n\n<p> Ka\u017cdy z naszych domk\u00f3w urz\u0105dzony zosta\u0142 w stylu marynarskim. Na parterze znajduje si\u0119 salon po\u0142\u0105czony z kuchni\u0105 z pe\u0142nym wyposa\u017ceniem. Ka\u017cdy domek posiada lod\u00f3wk\u0119, aneks kuchenny, zlewozmywak, p\u0142yt\u0119 indukcyjn\u0105 oraz zastaw\u0119 sto\u0142ow\u0105 odpowiednio dla 6 i 4 os\u00f3b.&nbsp;W salonie mo\u017cna korzysta\u0107 z telewizora. Na parterze r\u00f3wnie\u017c znajduj\u0119 si\u0119 \u0142azienka. W domku s\u0105 do Pa\u0144stwa dyspozycji le\u017caki i parawany. W domku 6-os na pi\u0119trze s\u0105 dwa oddzielne pokoje, w jednym z nich znajduj\u0105 si\u0119 dwa pojedy\u0144cze \u0142\u00f3\u017cka oraz w drugim &#8211; dwie rozk\u0142adane kanapy. W domku 4-os na pi\u0119trze znajduj\u0105 si\u0119 dwa \u0142\u00f3\u017cka jednoosobowe.&nbsp; W ka\u017cdym z tych domk\u00f3w, w salonie na parterze , znajduje si\u0119 du\u017ca naro\u017cna kanapa , z mo\u017cliwo\u015bci\u0105 komfortowego spania dla 2 os\u00f3b.<\/p>\n\n\n\n<figure class=\"wp-block-gallery aligncenter has-nested-images columns-default is-cropped wp-block-gallery-2 is-layout-flex wp-block-gallery-is-layout-flex\">\n<figure class=\"wp-block-image size-large\"><img loading=\"lazy\" decoding=\"async\" width=\"1024\" height=\"771\" data-id=\"347\" src=\"https:\/\/slonecznybrzeggaski.pl\/wp-content\/uploads\/2025\/05\/IMG20250430175228-1024x771.jpg\" alt=\"\" class=\"wp-image-347\" srcset=\"https:\/\/slonecznybrzeggaski.pl\/wp-content\/uploads\/2025\/05\/IMG20250430175228-1024x771.jpg 1024w, https:\/\/slonecznybrzeggaski.pl\/wp-content\/uploads\/2025\/05\/IMG20250430175228-300x226.jpg 300w, https:\/\/slonecznybrzeggaski.pl\/wp-content\/uploads\/2025\/05\/IMG20250430175228-768x578.jpg 768w, https:\/\/slonecznybrzeggaski.pl\/wp-content\/uploads\/2025\/05\/IMG20250430175228-1536x1157.jpg 1536w, https:\/\/slonecznybrzeggaski.pl\/wp-content\/uploads\/2025\/05\/IMG20250430175228-2048x1542.jpg 2048w\" sizes=\"auto, (max-width: 1024px) 100vw, 1024px\" \/><figcaption class=\"wp-element-caption\">oplus_34<\/figcaption><\/figure>\n\n\n\n<figure class=\"wp-block-image size-large\"><img loading=\"lazy\" decoding=\"async\" width=\"1024\" height=\"767\" data-id=\"51\" src=\"https:\/\/slonecznybrzeggaski.pl\/wp-content\/uploads\/2020\/03\/IMG_20190618_222732-1024x767.jpg\" alt=\"\" class=\"wp-image-51\" srcset=\"https:\/\/slonecznybrzeggaski.pl\/wp-content\/uploads\/2020\/03\/IMG_20190618_222732-1024x767.jpg 1024w, https:\/\/slonecznybrzeggaski.pl\/wp-content\/uploads\/2020\/03\/IMG_20190618_222732-300x225.jpg 300w, https:\/\/slonecznybrzeggaski.pl\/wp-content\/uploads\/2020\/03\/IMG_20190618_222732-768x575.jpg 768w, https:\/\/slonecznybrzeggaski.pl\/wp-content\/uploads\/2020\/03\/IMG_20190618_222732-1536x1150.jpg 1536w, https:\/\/slonecznybrzeggaski.pl\/wp-content\/uploads\/2020\/03\/IMG_20190618_222732-2048x1534.jpg 2048w\" sizes=\"auto, (max-width: 1024px) 100vw, 1024px\" \/><\/figure>\n\n\n\n<figure class=\"wp-block-image alignwide size-large\"><img loading=\"lazy\" decoding=\"async\" width=\"769\" height=\"1024\" data-id=\"341\" src=\"https:\/\/slonecznybrzeggaski.pl\/wp-content\/uploads\/2025\/05\/PXL_20250506_124853871-769x1024.jpg\" alt=\"\" class=\"wp-image-341\" srcset=\"https:\/\/slonecznybrzeggaski.pl\/wp-content\/uploads\/2025\/05\/PXL_20250506_124853871-769x1024.jpg 769w, https:\/\/slonecznybrzeggaski.pl\/wp-content\/uploads\/2025\/05\/PXL_20250506_124853871-225x300.jpg 225w, https:\/\/slonecznybrzeggaski.pl\/wp-content\/uploads\/2025\/05\/PXL_20250506_124853871-768x1023.jpg 768w, https:\/\/slonecznybrzeggaski.pl\/wp-content\/uploads\/2025\/05\/PXL_20250506_124853871-1153x1536.jpg 1153w, https:\/\/slonecznybrzeggaski.pl\/wp-content\/uploads\/2025\/05\/PXL_20250506_124853871-1538x2048.jpg 1538w, https:\/\/slonecznybrzeggaski.pl\/wp-content\/uploads\/2025\/05\/PXL_20250506_124853871-scaled.jpg 1922w\" sizes=\"auto, (max-width: 769px) 100vw, 769px\" \/><\/figure>\n\n\n\n<figure class=\"wp-block-image size-large\"><img loading=\"lazy\" decoding=\"async\" width=\"1024\" height=\"771\" data-id=\"349\" src=\"https:\/\/slonecznybrzeggaski.pl\/wp-content\/uploads\/2025\/05\/IMG20250430175130-1024x771.jpg\" alt=\"\" class=\"wp-image-349\" srcset=\"https:\/\/slonecznybrzeggaski.pl\/wp-content\/uploads\/2025\/05\/IMG20250430175130-1024x771.jpg 1024w, https:\/\/slonecznybrzeggaski.pl\/wp-content\/uploads\/2025\/05\/IMG20250430175130-300x226.jpg 300w, https:\/\/slonecznybrzeggaski.pl\/wp-content\/uploads\/2025\/05\/IMG20250430175130-768x578.jpg 768w, https:\/\/slonecznybrzeggaski.pl\/wp-content\/uploads\/2025\/05\/IMG20250430175130-1536x1157.jpg 1536w, https:\/\/slonecznybrzeggaski.pl\/wp-content\/uploads\/2025\/05\/IMG20250430175130-2048x1542.jpg 2048w\" sizes=\"auto, (max-width: 1024px) 100vw, 1024px\" \/><figcaption class=\"wp-element-caption\">oplus_34<\/figcaption><\/figure>\n\n\n\n<figure class=\"wp-block-image size-large\"><img loading=\"lazy\" decoding=\"async\" width=\"1024\" height=\"769\" data-id=\"338\" src=\"https:\/\/slonecznybrzeggaski.pl\/wp-content\/uploads\/2025\/05\/PXL_20250506_124529270-1024x769.jpg\" alt=\"\" class=\"wp-image-338\" srcset=\"https:\/\/slonecznybrzeggaski.pl\/wp-content\/uploads\/2025\/05\/PXL_20250506_124529270-1024x769.jpg 1024w, https:\/\/slonecznybrzeggaski.pl\/wp-content\/uploads\/2025\/05\/PXL_20250506_124529270-300x225.jpg 300w, https:\/\/slonecznybrzeggaski.pl\/wp-content\/uploads\/2025\/05\/PXL_20250506_124529270-768x577.jpg 768w, https:\/\/slonecznybrzeggaski.pl\/wp-content\/uploads\/2025\/05\/PXL_20250506_124529270-1536x1153.jpg 1536w, https:\/\/slonecznybrzeggaski.pl\/wp-content\/uploads\/2025\/05\/PXL_20250506_124529270-2048x1538.jpg 2048w\" sizes=\"auto, (max-width: 1024px) 100vw, 1024px\" \/><\/figure>\n\n\n\n<figure class=\"wp-block-image size-large\"><img loading=\"lazy\" decoding=\"async\" width=\"1024\" height=\"769\" data-id=\"337\" src=\"https:\/\/slonecznybrzeggaski.pl\/wp-content\/uploads\/2025\/05\/PXL_20250506_124435685-1024x769.jpg\" alt=\"\" class=\"wp-image-337\" srcset=\"https:\/\/slonecznybrzeggaski.pl\/wp-content\/uploads\/2025\/05\/PXL_20250506_124435685-1024x769.jpg 1024w, https:\/\/slonecznybrzeggaski.pl\/wp-content\/uploads\/2025\/05\/PXL_20250506_124435685-300x225.jpg 300w, https:\/\/slonecznybrzeggaski.pl\/wp-content\/uploads\/2025\/05\/PXL_20250506_124435685-768x577.jpg 768w, https:\/\/slonecznybrzeggaski.pl\/wp-content\/uploads\/2025\/05\/PXL_20250506_124435685-1536x1153.jpg 1536w, https:\/\/slonecznybrzeggaski.pl\/wp-content\/uploads\/2025\/05\/PXL_20250506_124435685-2048x1538.jpg 2048w\" sizes=\"auto, (max-width: 1024px) 100vw, 1024px\" \/><\/figure>\n<\/figure>\n\n\n\n<div style=\"height:29px\" aria-hidden=\"true\" class=\"wp-block-spacer\"><\/div>\n\n\n\n<h2 class=\"wp-block-heading\">Morskie specja\u0142y<\/h2>\n\n\n\n<p><\/p>\n\n\n\n<p> B\u0119d\u0105c nad polskim morzem trzeba konicznie skosztowa\u0107 \u015bwie\u017cej w\u0119dzonej ryby! U nas mo\u017cesz samemu uw\u0119dzi\u0107 ryb\u0119 &#8211; na naszej posesji jest do dyspozyji w\u0119dzarnia ryb. Najswie\u017csze ryby prosto z kutra rybackiego mo\u017cna zakupi\u0107 w porcie w Ch\u0142opach &#8211; miejscowo\u015bci oddalonej od G\u0105sek 15 min samochodem.&nbsp; <\/p>\n\n\n\n<figure class=\"wp-block-gallery has-nested-images columns-default is-cropped wp-block-gallery-3 is-layout-flex wp-block-gallery-is-layout-flex\">\n<figure class=\"wp-block-image size-large\"><img loading=\"lazy\" decoding=\"async\" width=\"1024\" height=\"767\" data-id=\"139\" src=\"https:\/\/slonecznybrzeggaski.pl\/wp-content\/uploads\/2020\/03\/IMG_20190828_110951-1024x767.jpg\" alt=\"\" class=\"wp-image-139\" srcset=\"https:\/\/slonecznybrzeggaski.pl\/wp-content\/uploads\/2020\/03\/IMG_20190828_110951-1024x767.jpg 1024w, https:\/\/slonecznybrzeggaski.pl\/wp-content\/uploads\/2020\/03\/IMG_20190828_110951-300x225.jpg 300w, https:\/\/slonecznybrzeggaski.pl\/wp-content\/uploads\/2020\/03\/IMG_20190828_110951-768x575.jpg 768w, https:\/\/slonecznybrzeggaski.pl\/wp-content\/uploads\/2020\/03\/IMG_20190828_110951-1536x1150.jpg 1536w, https:\/\/slonecznybrzeggaski.pl\/wp-content\/uploads\/2020\/03\/IMG_20190828_110951-2048x1534.jpg 2048w\" sizes=\"auto, (max-width: 1024px) 100vw, 1024px\" \/><\/figure>\n\n\n\n<figure class=\"wp-block-image size-large\"><img loading=\"lazy\" decoding=\"async\" width=\"400\" height=\"500\" data-id=\"156\" src=\"https:\/\/slonecznybrzeggaski.pl\/wp-content\/uploads\/2020\/03\/unsplash-image-k83ihtl6.jpg\" alt=\"\" class=\"wp-image-156\" srcset=\"https:\/\/slonecznybrzeggaski.pl\/wp-content\/uploads\/2020\/03\/unsplash-image-k83ihtl6.jpg 400w, https:\/\/slonecznybrzeggaski.pl\/wp-content\/uploads\/2020\/03\/unsplash-image-k83ihtl6-240x300.jpg 240w\" sizes=\"auto, (max-width: 400px) 100vw, 400px\" \/><\/figure>\n\n\n\n<figure class=\"wp-block-image size-large\"><img loading=\"lazy\" decoding=\"async\" width=\"1024\" height=\"767\" data-id=\"138\" src=\"https:\/\/slonecznybrzeggaski.pl\/wp-content\/uploads\/2020\/03\/IMG_20190828_111001-1024x767.jpg\" alt=\"\" class=\"wp-image-138\" srcset=\"https:\/\/slonecznybrzeggaski.pl\/wp-content\/uploads\/2020\/03\/IMG_20190828_111001-1024x767.jpg 1024w, https:\/\/slonecznybrzeggaski.pl\/wp-content\/uploads\/2020\/03\/IMG_20190828_111001-300x225.jpg 300w, https:\/\/slonecznybrzeggaski.pl\/wp-content\/uploads\/2020\/03\/IMG_20190828_111001-768x575.jpg 768w, https:\/\/slonecznybrzeggaski.pl\/wp-content\/uploads\/2020\/03\/IMG_20190828_111001-1536x1150.jpg 1536w, https:\/\/slonecznybrzeggaski.pl\/wp-content\/uploads\/2020\/03\/IMG_20190828_111001-2048x1534.jpg 2048w\" sizes=\"auto, (max-width: 1024px) 100vw, 1024px\" \/><\/figure>\n<\/figure>\n","protected":false},"excerpt":{"rendered":"<p>Nasze domki Do Pa\u0144stwa dyspozycji s\u0105 dwa drewniane domki &#8211; jeden przeznaczony dla max. 6 os\u00f3b doros\u0142ych oraz drugi &#8211; dla max. 4 os\u00f3b doros\u0142ych. Domki znajduj\u0105 si\u0119 na jednej posesji obok siebie. Ka\u017cdy z nich ma w\u0142asny taras wyposa\u017cony w meble ogrodowe.&nbsp;&nbsp; Wyposa\u017cenie Ka\u017cdy z naszych domk\u00f3w urz\u0105dzony zosta\u0142 w stylu marynarskim. Na parterze [&hellip;]<\/p>\n","protected":false},"author":1,"featured_media":0,"parent":0,"menu_order":0,"comment_status":"closed","ping_status":"closed","template":"","meta":{"footnotes":""},"class_list":["post-45","page","type-page","status-publish","hentry"],"_links":{"self":[{"href":"https:\/\/slonecznybrzeggaski.pl\/index.php\/wp-json\/wp\/v2\/pages\/45","targetHints":{"allow":["GET"]}}],"collection":[{"href":"https:\/\/slonecznybrzeggaski.pl\/index.php\/wp-json\/wp\/v2\/pages"}],"about":[{"href":"https:\/\/slonecznybrzeggaski.pl\/index.php\/wp-json\/wp\/v2\/types\/page"}],"author":[{"embeddable":true,"href":"https:\/\/slonecznybrzeggaski.pl\/index.php\/wp-json\/wp\/v2\/users\/1"}],"replies":[{"embeddable":true,"href":"https:\/\/slonecznybrzeggaski.pl\/index.php\/wp-json\/wp\/v2\/comments?post=45"}],"version-history":[{"count":10,"href":"https:\/\/slonecznybrzeggaski.pl\/index.php\/wp-json\/wp\/v2\/pages\/45\/revisions"}],"predecessor-version":[{"id":354,"href":"https:\/\/slonecznybrzeggaski.pl\/index.php\/wp-json\/wp\/v2\/pages\/45\/revisions\/354"}],"wp:attachment":[{"href":"https:\/\/slonecznybrzeggaski.pl\/index.php\/wp-json\/wp\/v2\/media?parent=45"}],"curies":[{"name":"wp","href":"https:\/\/api.w.org\/{rel}","templated":true}]}}