{"id":76,"date":"2020-03-28T11:40:24","date_gmt":"2020-03-28T10:40:24","guid":{"rendered":"http:\/\/slonecznybrzeggaski.pl\/?page_id=76"},"modified":"2020-06-17T23:28:32","modified_gmt":"2020-06-17T21:28:32","slug":"atrakcje","status":"publish","type":"page","link":"https:\/\/slonecznybrzeggaski.pl\/index.php\/atrakcje\/","title":{"rendered":"Atrakcje"},"content":{"rendered":"\n<h2 class=\"wp-block-heading\">Pla\u017ca w G\u0105skach<\/h2>\n\n\n\n<p> Pla\u017ca w G\u0105skach nale\u017cy do jednych z najpi\u0119kniejszych i najszerszych pla\u017c na zachodnim wybrze\u017cu. Jest piaszczysta, znajduj\u0119 si\u0119 na niej szereg strze\u017conych przez ratownik\u00f3w k\u0105pielisk. Nawet w sezonie mo\u017cna bez problemu znale\u017a\u0107 na niej miejsce dla siebie. Nie jest zat\u0142oczona i g\u0142o\u015bna jak pla\u017ce najwi\u0119kszych kurort\u00f3w.\u00a0 <\/p>\n\n\n\n<figure class=\"wp-block-gallery columns-3 is-cropped wp-block-gallery-1 is-layout-flex wp-block-gallery-is-layout-flex\"><ul class=\"blocks-gallery-grid\"><li class=\"blocks-gallery-item\"><figure><img loading=\"lazy\" decoding=\"async\" width=\"1024\" height=\"768\" src=\"https:\/\/slonecznybrzeggaski.pl\/wp-content\/uploads\/2020\/03\/IMG_20190725_150230-1024x768.jpg\" alt=\"\" data-id=\"162\" data-full-url=\"https:\/\/slonecznybrzeggaski.pl\/wp-content\/uploads\/2020\/03\/IMG_20190725_150230-scaled.jpg\" data-link=\"https:\/\/slonecznybrzeggaski.pl\/img_20190725_150230\/\" class=\"wp-image-162\" srcset=\"https:\/\/slonecznybrzeggaski.pl\/wp-content\/uploads\/2020\/03\/IMG_20190725_150230-1024x768.jpg 1024w, https:\/\/slonecznybrzeggaski.pl\/wp-content\/uploads\/2020\/03\/IMG_20190725_150230-300x225.jpg 300w, https:\/\/slonecznybrzeggaski.pl\/wp-content\/uploads\/2020\/03\/IMG_20190725_150230-768x576.jpg 768w, https:\/\/slonecznybrzeggaski.pl\/wp-content\/uploads\/2020\/03\/IMG_20190725_150230-1536x1152.jpg 1536w, https:\/\/slonecznybrzeggaski.pl\/wp-content\/uploads\/2020\/03\/IMG_20190725_150230-2048x1536.jpg 2048w\" sizes=\"auto, (max-width: 1024px) 100vw, 1024px\" \/><\/figure><\/li><li class=\"blocks-gallery-item\"><figure><img loading=\"lazy\" decoding=\"async\" width=\"1024\" height=\"768\" src=\"https:\/\/slonecznybrzeggaski.pl\/wp-content\/uploads\/2020\/03\/IMG_20190727_203351-1024x768.jpg\" alt=\"\" data-id=\"161\" data-full-url=\"https:\/\/slonecznybrzeggaski.pl\/wp-content\/uploads\/2020\/03\/IMG_20190727_203351-scaled.jpg\" data-link=\"https:\/\/slonecznybrzeggaski.pl\/img_20190727_203351\/\" class=\"wp-image-161\" srcset=\"https:\/\/slonecznybrzeggaski.pl\/wp-content\/uploads\/2020\/03\/IMG_20190727_203351-1024x768.jpg 1024w, https:\/\/slonecznybrzeggaski.pl\/wp-content\/uploads\/2020\/03\/IMG_20190727_203351-300x225.jpg 300w, https:\/\/slonecznybrzeggaski.pl\/wp-content\/uploads\/2020\/03\/IMG_20190727_203351-768x576.jpg 768w, https:\/\/slonecznybrzeggaski.pl\/wp-content\/uploads\/2020\/03\/IMG_20190727_203351-1536x1152.jpg 1536w, https:\/\/slonecznybrzeggaski.pl\/wp-content\/uploads\/2020\/03\/IMG_20190727_203351-2048x1536.jpg 2048w\" sizes=\"auto, (max-width: 1024px) 100vw, 1024px\" \/><\/figure><\/li><li class=\"blocks-gallery-item\"><figure><img loading=\"lazy\" decoding=\"async\" width=\"1024\" height=\"768\" src=\"https:\/\/slonecznybrzeggaski.pl\/wp-content\/uploads\/2020\/03\/IMG_20190717_203417-1024x768.jpg\" alt=\"\" data-id=\"163\" data-full-url=\"https:\/\/slonecznybrzeggaski.pl\/wp-content\/uploads\/2020\/03\/IMG_20190717_203417-scaled.jpg\" data-link=\"https:\/\/slonecznybrzeggaski.pl\/img_20190717_203417\/\" class=\"wp-image-163\" srcset=\"https:\/\/slonecznybrzeggaski.pl\/wp-content\/uploads\/2020\/03\/IMG_20190717_203417-1024x768.jpg 1024w, https:\/\/slonecznybrzeggaski.pl\/wp-content\/uploads\/2020\/03\/IMG_20190717_203417-300x225.jpg 300w, https:\/\/slonecznybrzeggaski.pl\/wp-content\/uploads\/2020\/03\/IMG_20190717_203417-768x576.jpg 768w, https:\/\/slonecznybrzeggaski.pl\/wp-content\/uploads\/2020\/03\/IMG_20190717_203417-1536x1152.jpg 1536w, https:\/\/slonecznybrzeggaski.pl\/wp-content\/uploads\/2020\/03\/IMG_20190717_203417-2048x1536.jpg 2048w\" sizes=\"auto, (max-width: 1024px) 100vw, 1024px\" \/><\/figure><\/li><li class=\"blocks-gallery-item\"><figure><img loading=\"lazy\" decoding=\"async\" width=\"767\" height=\"1024\" src=\"https:\/\/slonecznybrzeggaski.pl\/wp-content\/uploads\/2020\/06\/IMG_20200614_212549-767x1024.jpg\" alt=\"\" data-id=\"195\" data-full-url=\"https:\/\/slonecznybrzeggaski.pl\/wp-content\/uploads\/2020\/06\/IMG_20200614_212549-scaled.jpg\" data-link=\"https:\/\/slonecznybrzeggaski.pl\/img_20200614_212549\/\" class=\"wp-image-195\" srcset=\"https:\/\/slonecznybrzeggaski.pl\/wp-content\/uploads\/2020\/06\/IMG_20200614_212549-767x1024.jpg 767w, https:\/\/slonecznybrzeggaski.pl\/wp-content\/uploads\/2020\/06\/IMG_20200614_212549-225x300.jpg 225w, https:\/\/slonecznybrzeggaski.pl\/wp-content\/uploads\/2020\/06\/IMG_20200614_212549-768x1025.jpg 768w, https:\/\/slonecznybrzeggaski.pl\/wp-content\/uploads\/2020\/06\/IMG_20200614_212549-1150x1536.jpg 1150w, https:\/\/slonecznybrzeggaski.pl\/wp-content\/uploads\/2020\/06\/IMG_20200614_212549-1534x2048.jpg 1534w, https:\/\/slonecznybrzeggaski.pl\/wp-content\/uploads\/2020\/06\/IMG_20200614_212549-scaled.jpg 1917w\" sizes=\"auto, (max-width: 767px) 100vw, 767px\" \/><\/figure><\/li><li class=\"blocks-gallery-item\"><figure><img loading=\"lazy\" decoding=\"async\" width=\"767\" height=\"1024\" src=\"https:\/\/slonecznybrzeggaski.pl\/wp-content\/uploads\/2020\/06\/IMG_20200614_210141-767x1024.jpg\" alt=\"\" data-id=\"193\" data-full-url=\"https:\/\/slonecznybrzeggaski.pl\/wp-content\/uploads\/2020\/06\/IMG_20200614_210141-scaled.jpg\" data-link=\"https:\/\/slonecznybrzeggaski.pl\/img_20200614_210141\/\" class=\"wp-image-193\" srcset=\"https:\/\/slonecznybrzeggaski.pl\/wp-content\/uploads\/2020\/06\/IMG_20200614_210141-767x1024.jpg 767w, https:\/\/slonecznybrzeggaski.pl\/wp-content\/uploads\/2020\/06\/IMG_20200614_210141-225x300.jpg 225w, https:\/\/slonecznybrzeggaski.pl\/wp-content\/uploads\/2020\/06\/IMG_20200614_210141-768x1025.jpg 768w, https:\/\/slonecznybrzeggaski.pl\/wp-content\/uploads\/2020\/06\/IMG_20200614_210141-1150x1536.jpg 1150w, https:\/\/slonecznybrzeggaski.pl\/wp-content\/uploads\/2020\/06\/IMG_20200614_210141-1534x2048.jpg 1534w, https:\/\/slonecznybrzeggaski.pl\/wp-content\/uploads\/2020\/06\/IMG_20200614_210141-scaled.jpg 1917w\" sizes=\"auto, (max-width: 767px) 100vw, 767px\" \/><\/figure><\/li><li class=\"blocks-gallery-item\"><figure><img loading=\"lazy\" decoding=\"async\" width=\"767\" height=\"1024\" src=\"https:\/\/slonecznybrzeggaski.pl\/wp-content\/uploads\/2020\/06\/IMG_20200614_212544-767x1024.jpg\" alt=\"\" data-id=\"194\" data-full-url=\"https:\/\/slonecznybrzeggaski.pl\/wp-content\/uploads\/2020\/06\/IMG_20200614_212544-scaled.jpg\" data-link=\"https:\/\/slonecznybrzeggaski.pl\/img_20200614_212544\/\" class=\"wp-image-194\" srcset=\"https:\/\/slonecznybrzeggaski.pl\/wp-content\/uploads\/2020\/06\/IMG_20200614_212544-767x1024.jpg 767w, https:\/\/slonecznybrzeggaski.pl\/wp-content\/uploads\/2020\/06\/IMG_20200614_212544-225x300.jpg 225w, https:\/\/slonecznybrzeggaski.pl\/wp-content\/uploads\/2020\/06\/IMG_20200614_212544-768x1025.jpg 768w, https:\/\/slonecznybrzeggaski.pl\/wp-content\/uploads\/2020\/06\/IMG_20200614_212544-1150x1536.jpg 1150w, https:\/\/slonecznybrzeggaski.pl\/wp-content\/uploads\/2020\/06\/IMG_20200614_212544-1534x2048.jpg 1534w, https:\/\/slonecznybrzeggaski.pl\/wp-content\/uploads\/2020\/06\/IMG_20200614_212544-scaled.jpg 1917w\" sizes=\"auto, (max-width: 767px) 100vw, 767px\" \/><\/figure><\/li><li class=\"blocks-gallery-item\"><figure><img loading=\"lazy\" decoding=\"async\" width=\"1024\" height=\"768\" src=\"https:\/\/slonecznybrzeggaski.pl\/wp-content\/uploads\/2020\/03\/IMG_20190719_201720-1024x768.jpg\" alt=\"\" data-id=\"78\" data-full-url=\"https:\/\/slonecznybrzeggaski.pl\/wp-content\/uploads\/2020\/03\/IMG_20190719_201720-scaled.jpg\" data-link=\"https:\/\/slonecznybrzeggaski.pl\/index.php\/atrakcje\/img_20190719_201720\/\" class=\"wp-image-78\" srcset=\"https:\/\/slonecznybrzeggaski.pl\/wp-content\/uploads\/2020\/03\/IMG_20190719_201720-1024x768.jpg 1024w, https:\/\/slonecznybrzeggaski.pl\/wp-content\/uploads\/2020\/03\/IMG_20190719_201720-300x225.jpg 300w, https:\/\/slonecznybrzeggaski.pl\/wp-content\/uploads\/2020\/03\/IMG_20190719_201720-768x576.jpg 768w, https:\/\/slonecznybrzeggaski.pl\/wp-content\/uploads\/2020\/03\/IMG_20190719_201720-1536x1152.jpg 1536w, https:\/\/slonecznybrzeggaski.pl\/wp-content\/uploads\/2020\/03\/IMG_20190719_201720-2048x1536.jpg 2048w\" sizes=\"auto, (max-width: 1024px) 100vw, 1024px\" \/><\/figure><\/li><li class=\"blocks-gallery-item\"><figure><img loading=\"lazy\" decoding=\"async\" width=\"767\" height=\"1024\" src=\"https:\/\/slonecznybrzeggaski.pl\/wp-content\/uploads\/2020\/06\/G\u0105ski-zach\u00f3d-767x1024.jpg\" alt=\"\" data-id=\"187\" data-full-url=\"https:\/\/slonecznybrzeggaski.pl\/wp-content\/uploads\/2020\/06\/G\u0105ski-zach\u00f3d-scaled.jpg\" data-link=\"https:\/\/slonecznybrzeggaski.pl\/gaski-zachod\/\" class=\"wp-image-187\" srcset=\"https:\/\/slonecznybrzeggaski.pl\/wp-content\/uploads\/2020\/06\/G\u0105ski-zach\u00f3d-767x1024.jpg 767w, https:\/\/slonecznybrzeggaski.pl\/wp-content\/uploads\/2020\/06\/G\u0105ski-zach\u00f3d-225x300.jpg 225w, https:\/\/slonecznybrzeggaski.pl\/wp-content\/uploads\/2020\/06\/G\u0105ski-zach\u00f3d-768x1025.jpg 768w, https:\/\/slonecznybrzeggaski.pl\/wp-content\/uploads\/2020\/06\/G\u0105ski-zach\u00f3d-1150x1536.jpg 1150w, https:\/\/slonecznybrzeggaski.pl\/wp-content\/uploads\/2020\/06\/G\u0105ski-zach\u00f3d-1534x2048.jpg 1534w, https:\/\/slonecznybrzeggaski.pl\/wp-content\/uploads\/2020\/06\/G\u0105ski-zach\u00f3d-scaled.jpg 1917w\" sizes=\"auto, (max-width: 767px) 100vw, 767px\" \/><\/figure><\/li><li class=\"blocks-gallery-item\"><figure><img loading=\"lazy\" decoding=\"async\" width=\"1024\" height=\"768\" src=\"https:\/\/slonecznybrzeggaski.pl\/wp-content\/uploads\/2020\/03\/IMG_20180714_202458_HDR-1024x768.jpg\" alt=\"\" data-id=\"7\" data-full-url=\"https:\/\/slonecznybrzeggaski.pl\/wp-content\/uploads\/2020\/03\/IMG_20180714_202458_HDR-scaled.jpg\" data-link=\"https:\/\/slonecznybrzeggaski.pl\/img_20180714_202458_hdr\/\" class=\"wp-image-7\" srcset=\"https:\/\/slonecznybrzeggaski.pl\/wp-content\/uploads\/2020\/03\/IMG_20180714_202458_HDR-1024x768.jpg 1024w, https:\/\/slonecznybrzeggaski.pl\/wp-content\/uploads\/2020\/03\/IMG_20180714_202458_HDR-300x225.jpg 300w, https:\/\/slonecznybrzeggaski.pl\/wp-content\/uploads\/2020\/03\/IMG_20180714_202458_HDR-768x576.jpg 768w, https:\/\/slonecznybrzeggaski.pl\/wp-content\/uploads\/2020\/03\/IMG_20180714_202458_HDR-1536x1152.jpg 1536w, https:\/\/slonecznybrzeggaski.pl\/wp-content\/uploads\/2020\/03\/IMG_20180714_202458_HDR-2048x1536.jpg 2048w\" sizes=\"auto, (max-width: 1024px) 100vw, 1024px\" \/><\/figure><\/li><\/ul><\/figure>\n\n\n\n<div style=\"height:26px\" aria-hidden=\"true\" class=\"wp-block-spacer\"><\/div>\n\n\n\n<h2 class=\"wp-block-heading\">Atrakcje w pobli\u017cu<\/h2>\n\n\n\n<p> Wypoczynek nad morzem w G\u0105skach mo\u017ce by\u0107 aktywny! Pi\u0119kne krajobrazy zach\u0119caj\u0105 do spacerowania, je\u017cd\u017cenia na rowerach a na pla\u017cy mo\u017cna wypo\u017cyczy\u0107 skutery wodne. Przy pla\u017cy w G\u0105skach, znajduje si\u0119 latarnia morska, kt\u00f3r\u0105 mo\u017cna zwiedza\u0107, oraz podziwia\u0107 pi\u0119kne widoki. Par\u0119 kilometr\u00f3w od naszych domk\u00f3w znajduj\u0105 si\u0119 Ogrody Hortulus w Dobrzycy. Par\u0119 minut samochodem mo\u017cna znale\u017a\u0107\u00a0si\u0119 na terenie przepi\u0119knych ogrod\u00f3w &#8211; jest ich ponad 30 na obszarze ponad 4 hektar\u00f3w. Warto wej\u015b\u0107 na wie\u017c\u0119 widokow\u0105 oraz spr\u00f3bowa\u0107 wydosta\u0107 si\u0119 z labiryntu Minotaura. <\/p>\n\n\n\n<figure class=\"wp-block-gallery columns-3 is-cropped wp-block-gallery-2 is-layout-flex wp-block-gallery-is-layout-flex\"><ul class=\"blocks-gallery-grid\"><li class=\"blocks-gallery-item\"><figure><img loading=\"lazy\" decoding=\"async\" width=\"1024\" height=\"768\" src=\"https:\/\/slonecznybrzeggaski.pl\/wp-content\/uploads\/2020\/03\/IMG_20180715_102513_HDR-1024x768.jpg\" alt=\"\" data-id=\"79\" data-full-url=\"https:\/\/slonecznybrzeggaski.pl\/wp-content\/uploads\/2020\/03\/IMG_20180715_102513_HDR-scaled.jpg\" data-link=\"https:\/\/slonecznybrzeggaski.pl\/index.php\/atrakcje\/img_20180715_102513_hdr\/\" class=\"wp-image-79\" srcset=\"https:\/\/slonecznybrzeggaski.pl\/wp-content\/uploads\/2020\/03\/IMG_20180715_102513_HDR-1024x768.jpg 1024w, https:\/\/slonecznybrzeggaski.pl\/wp-content\/uploads\/2020\/03\/IMG_20180715_102513_HDR-300x225.jpg 300w, https:\/\/slonecznybrzeggaski.pl\/wp-content\/uploads\/2020\/03\/IMG_20180715_102513_HDR-768x576.jpg 768w, https:\/\/slonecznybrzeggaski.pl\/wp-content\/uploads\/2020\/03\/IMG_20180715_102513_HDR-1536x1152.jpg 1536w, https:\/\/slonecznybrzeggaski.pl\/wp-content\/uploads\/2020\/03\/IMG_20180715_102513_HDR-2048x1536.jpg 2048w\" sizes=\"auto, (max-width: 1024px) 100vw, 1024px\" \/><\/figure><\/li><li class=\"blocks-gallery-item\"><figure><img loading=\"lazy\" decoding=\"async\" width=\"768\" height=\"1024\" src=\"https:\/\/slonecznybrzeggaski.pl\/wp-content\/uploads\/2020\/03\/IMG_20180715_103150_HDR-768x1024.jpg\" alt=\"\" data-id=\"77\" data-full-url=\"https:\/\/slonecznybrzeggaski.pl\/wp-content\/uploads\/2020\/03\/IMG_20180715_103150_HDR-scaled.jpg\" data-link=\"https:\/\/slonecznybrzeggaski.pl\/index.php\/atrakcje\/img_20180715_103150_hdr\/\" class=\"wp-image-77\" srcset=\"https:\/\/slonecznybrzeggaski.pl\/wp-content\/uploads\/2020\/03\/IMG_20180715_103150_HDR-768x1024.jpg 768w, https:\/\/slonecznybrzeggaski.pl\/wp-content\/uploads\/2020\/03\/IMG_20180715_103150_HDR-225x300.jpg 225w, https:\/\/slonecznybrzeggaski.pl\/wp-content\/uploads\/2020\/03\/IMG_20180715_103150_HDR-1152x1536.jpg 1152w, https:\/\/slonecznybrzeggaski.pl\/wp-content\/uploads\/2020\/03\/IMG_20180715_103150_HDR-1536x2048.jpg 1536w, https:\/\/slonecznybrzeggaski.pl\/wp-content\/uploads\/2020\/03\/IMG_20180715_103150_HDR-scaled.jpg 1920w\" sizes=\"auto, (max-width: 768px) 100vw, 768px\" \/><\/figure><\/li><li class=\"blocks-gallery-item\"><figure><img loading=\"lazy\" decoding=\"async\" width=\"768\" height=\"1024\" src=\"https:\/\/slonecznybrzeggaski.pl\/wp-content\/uploads\/2020\/03\/IMG_20180715_102119_HDR-768x1024.jpg\" alt=\"\" data-id=\"158\" data-full-url=\"https:\/\/slonecznybrzeggaski.pl\/wp-content\/uploads\/2020\/03\/IMG_20180715_102119_HDR-scaled.jpg\" data-link=\"https:\/\/slonecznybrzeggaski.pl\/img_20180715_102119_hdr\/\" class=\"wp-image-158\" srcset=\"https:\/\/slonecznybrzeggaski.pl\/wp-content\/uploads\/2020\/03\/IMG_20180715_102119_HDR-768x1024.jpg 768w, https:\/\/slonecznybrzeggaski.pl\/wp-content\/uploads\/2020\/03\/IMG_20180715_102119_HDR-225x300.jpg 225w, https:\/\/slonecznybrzeggaski.pl\/wp-content\/uploads\/2020\/03\/IMG_20180715_102119_HDR-1152x1536.jpg 1152w, https:\/\/slonecznybrzeggaski.pl\/wp-content\/uploads\/2020\/03\/IMG_20180715_102119_HDR-1536x2048.jpg 1536w, https:\/\/slonecznybrzeggaski.pl\/wp-content\/uploads\/2020\/03\/IMG_20180715_102119_HDR-scaled.jpg 1920w\" sizes=\"auto, (max-width: 768px) 100vw, 768px\" \/><\/figure><\/li><li class=\"blocks-gallery-item\"><figure><img loading=\"lazy\" decoding=\"async\" width=\"1024\" height=\"767\" src=\"https:\/\/slonecznybrzeggaski.pl\/wp-content\/uploads\/2020\/06\/G\u0105ski-Bocian-1024x767.jpg\" alt=\"\" data-id=\"183\" data-full-url=\"https:\/\/slonecznybrzeggaski.pl\/wp-content\/uploads\/2020\/06\/G\u0105ski-Bocian-scaled.jpg\" data-link=\"https:\/\/slonecznybrzeggaski.pl\/gaski-bocian\/\" class=\"wp-image-183\" srcset=\"https:\/\/slonecznybrzeggaski.pl\/wp-content\/uploads\/2020\/06\/G\u0105ski-Bocian-1024x767.jpg 1024w, https:\/\/slonecznybrzeggaski.pl\/wp-content\/uploads\/2020\/06\/G\u0105ski-Bocian-300x225.jpg 300w, https:\/\/slonecznybrzeggaski.pl\/wp-content\/uploads\/2020\/06\/G\u0105ski-Bocian-768x575.jpg 768w, https:\/\/slonecznybrzeggaski.pl\/wp-content\/uploads\/2020\/06\/G\u0105ski-Bocian-1536x1150.jpg 1536w, https:\/\/slonecznybrzeggaski.pl\/wp-content\/uploads\/2020\/06\/G\u0105ski-Bocian-2048x1534.jpg 2048w\" sizes=\"auto, (max-width: 1024px) 100vw, 1024px\" \/><\/figure><\/li><li class=\"blocks-gallery-item\"><figure><img loading=\"lazy\" decoding=\"async\" width=\"767\" height=\"1024\" src=\"https:\/\/slonecznybrzeggaski.pl\/wp-content\/uploads\/2020\/06\/Latarnia-morska-G\u0105ski-767x1024.jpg\" alt=\"\" data-id=\"207\" data-full-url=\"https:\/\/slonecznybrzeggaski.pl\/wp-content\/uploads\/2020\/06\/Latarnia-morska-G\u0105ski-scaled.jpg\" data-link=\"https:\/\/slonecznybrzeggaski.pl\/latarnia-morska-gaski\/\" class=\"wp-image-207\" srcset=\"https:\/\/slonecznybrzeggaski.pl\/wp-content\/uploads\/2020\/06\/Latarnia-morska-G\u0105ski-767x1024.jpg 767w, https:\/\/slonecznybrzeggaski.pl\/wp-content\/uploads\/2020\/06\/Latarnia-morska-G\u0105ski-225x300.jpg 225w, https:\/\/slonecznybrzeggaski.pl\/wp-content\/uploads\/2020\/06\/Latarnia-morska-G\u0105ski-768x1025.jpg 768w, https:\/\/slonecznybrzeggaski.pl\/wp-content\/uploads\/2020\/06\/Latarnia-morska-G\u0105ski-1150x1536.jpg 1150w, https:\/\/slonecznybrzeggaski.pl\/wp-content\/uploads\/2020\/06\/Latarnia-morska-G\u0105ski-1534x2048.jpg 1534w, https:\/\/slonecznybrzeggaski.pl\/wp-content\/uploads\/2020\/06\/Latarnia-morska-G\u0105ski-scaled.jpg 1917w\" sizes=\"auto, (max-width: 767px) 100vw, 767px\" \/><\/figure><\/li><li class=\"blocks-gallery-item\"><figure><img loading=\"lazy\" decoding=\"async\" width=\"1024\" height=\"767\" src=\"https:\/\/slonecznybrzeggaski.pl\/wp-content\/uploads\/2020\/06\/Ch\u0142opy-port-rybacki-1024x767.jpg\" alt=\"\" data-id=\"182\" data-full-url=\"https:\/\/slonecznybrzeggaski.pl\/wp-content\/uploads\/2020\/06\/Ch\u0142opy-port-rybacki-scaled.jpg\" data-link=\"https:\/\/slonecznybrzeggaski.pl\/chlopy-port-rybacki\/\" class=\"wp-image-182\" srcset=\"https:\/\/slonecznybrzeggaski.pl\/wp-content\/uploads\/2020\/06\/Ch\u0142opy-port-rybacki-1024x767.jpg 1024w, https:\/\/slonecznybrzeggaski.pl\/wp-content\/uploads\/2020\/06\/Ch\u0142opy-port-rybacki-300x225.jpg 300w, https:\/\/slonecznybrzeggaski.pl\/wp-content\/uploads\/2020\/06\/Ch\u0142opy-port-rybacki-768x575.jpg 768w, https:\/\/slonecznybrzeggaski.pl\/wp-content\/uploads\/2020\/06\/Ch\u0142opy-port-rybacki-1536x1150.jpg 1536w, https:\/\/slonecznybrzeggaski.pl\/wp-content\/uploads\/2020\/06\/Ch\u0142opy-port-rybacki-2048x1534.jpg 2048w\" sizes=\"auto, (max-width: 1024px) 100vw, 1024px\" \/><\/figure><\/li><\/ul><\/figure>\n\n\n\n<div style=\"height:27px\" aria-hidden=\"true\" class=\"wp-block-spacer\"><\/div>\n\n\n\n<h2 class=\"wp-block-heading\">W najbli\u017cszej okolicy<\/h2>\n\n\n\n<p> Nasza miejscowo\u015b\u0107 &#8211; G\u0105ski &#8211; jest zlokalizowana ok. 10km od Mielna oraz 15 km od Ustronia Morskiego. Warto w wolnym czasie odwiedzi\u0107 obie miejscowo\u015bci. Zapraszamy r\u00f3wnie\u017c do miejscowo\u015bci Ch\u0142opy, gdzie znajduje si\u0119 port rybacki, w kt\u00f3rym mo\u017cna zakupi\u0107 \u015bwie\u017co z\u0142owione ryby lub skosztowa\u0107 po uw\u0119dzeniu. Do Ko\u0142obrzegu jest ok. 30km, z kt\u00f3rego p\u0142ywaj\u0105 promy na Borholm.\u00a0 <\/p>\n\n\n\n<figure class=\"wp-block-gallery columns-2 is-cropped wp-block-gallery-3 is-layout-flex wp-block-gallery-is-layout-flex\"><ul class=\"blocks-gallery-grid\"><li class=\"blocks-gallery-item\"><figure><img loading=\"lazy\" decoding=\"async\" width=\"1024\" height=\"768\" src=\"https:\/\/slonecznybrzeggaski.pl\/wp-content\/uploads\/2020\/03\/IMG_20180725_163909_HDR-1024x768.jpg\" alt=\"\" data-id=\"167\" data-full-url=\"https:\/\/slonecznybrzeggaski.pl\/wp-content\/uploads\/2020\/03\/IMG_20180725_163909_HDR-scaled.jpg\" data-link=\"https:\/\/slonecznybrzeggaski.pl\/img_20180725_163909_hdr\/\" class=\"wp-image-167\" srcset=\"https:\/\/slonecznybrzeggaski.pl\/wp-content\/uploads\/2020\/03\/IMG_20180725_163909_HDR-1024x768.jpg 1024w, https:\/\/slonecznybrzeggaski.pl\/wp-content\/uploads\/2020\/03\/IMG_20180725_163909_HDR-300x225.jpg 300w, https:\/\/slonecznybrzeggaski.pl\/wp-content\/uploads\/2020\/03\/IMG_20180725_163909_HDR-768x576.jpg 768w, https:\/\/slonecznybrzeggaski.pl\/wp-content\/uploads\/2020\/03\/IMG_20180725_163909_HDR-1536x1152.jpg 1536w, https:\/\/slonecznybrzeggaski.pl\/wp-content\/uploads\/2020\/03\/IMG_20180725_163909_HDR-2048x1536.jpg 2048w\" sizes=\"auto, (max-width: 1024px) 100vw, 1024px\" \/><\/figure><\/li><li class=\"blocks-gallery-item\"><figure><img loading=\"lazy\" decoding=\"async\" width=\"1024\" height=\"768\" src=\"https:\/\/slonecznybrzeggaski.pl\/wp-content\/uploads\/2020\/03\/IMG_20180727_113510-1024x768.jpg\" alt=\"\" data-id=\"166\" data-full-url=\"https:\/\/slonecznybrzeggaski.pl\/wp-content\/uploads\/2020\/03\/IMG_20180727_113510-scaled.jpg\" data-link=\"https:\/\/slonecznybrzeggaski.pl\/img_20180727_113510\/\" class=\"wp-image-166\" srcset=\"https:\/\/slonecznybrzeggaski.pl\/wp-content\/uploads\/2020\/03\/IMG_20180727_113510-1024x768.jpg 1024w, https:\/\/slonecznybrzeggaski.pl\/wp-content\/uploads\/2020\/03\/IMG_20180727_113510-300x225.jpg 300w, https:\/\/slonecznybrzeggaski.pl\/wp-content\/uploads\/2020\/03\/IMG_20180727_113510-768x576.jpg 768w, https:\/\/slonecznybrzeggaski.pl\/wp-content\/uploads\/2020\/03\/IMG_20180727_113510-1536x1152.jpg 1536w, https:\/\/slonecznybrzeggaski.pl\/wp-content\/uploads\/2020\/03\/IMG_20180727_113510-2048x1536.jpg 2048w\" sizes=\"auto, (max-width: 1024px) 100vw, 1024px\" \/><\/figure><\/li><\/ul><\/figure>\n","protected":false},"excerpt":{"rendered":"<p>Pla\u017ca w G\u0105skach Pla\u017ca w G\u0105skach nale\u017cy do jednych z najpi\u0119kniejszych i najszerszych pla\u017c na zachodnim wybrze\u017cu. Jest piaszczysta, znajduj\u0119 si\u0119 na niej szereg strze\u017conych przez ratownik\u00f3w k\u0105pielisk. Nawet w sezonie mo\u017cna bez problemu znale\u017a\u0107 na niej miejsce dla siebie. Nie jest zat\u0142oczona i g\u0142o\u015bna jak pla\u017ce najwi\u0119kszych kurort\u00f3w.\u00a0 Atrakcje w pobli\u017cu Wypoczynek nad morzem [&hellip;]<\/p>\n","protected":false},"author":1,"featured_media":0,"parent":0,"menu_order":0,"comment_status":"closed","ping_status":"closed","template":"","meta":{"footnotes":""},"class_list":["post-76","page","type-page","status-publish","hentry"],"_links":{"self":[{"href":"https:\/\/slonecznybrzeggaski.pl\/index.php\/wp-json\/wp\/v2\/pages\/76","targetHints":{"allow":["GET"]}}],"collection":[{"href":"https:\/\/slonecznybrzeggaski.pl\/index.php\/wp-json\/wp\/v2\/pages"}],"about":[{"href":"https:\/\/slonecznybrzeggaski.pl\/index.php\/wp-json\/wp\/v2\/types\/page"}],"author":[{"embeddable":true,"href":"https:\/\/slonecznybrzeggaski.pl\/index.php\/wp-json\/wp\/v2\/users\/1"}],"replies":[{"embeddable":true,"href":"https:\/\/slonecznybrzeggaski.pl\/index.php\/wp-json\/wp\/v2\/comments?post=76"}],"version-history":[{"count":23,"href":"https:\/\/slonecznybrzeggaski.pl\/index.php\/wp-json\/wp\/v2\/pages\/76\/revisions"}],"predecessor-version":[{"id":235,"href":"https:\/\/slonecznybrzeggaski.pl\/index.php\/wp-json\/wp\/v2\/pages\/76\/revisions\/235"}],"wp:attachment":[{"href":"https:\/\/slonecznybrzeggaski.pl\/index.php\/wp-json\/wp\/v2\/media?parent=76"}],"curies":[{"name":"wp","href":"https:\/\/api.w.org\/{rel}","templated":true}]}}